{"id":93,"date":"2024-11-12T05:58:41","date_gmt":"2024-11-12T04:58:41","guid":{"rendered":"https:\/\/sushi.hubertskibniewski.pl\/?post_type=product&#038;p=93"},"modified":"2024-11-20T23:03:18","modified_gmt":"2024-11-20T22:03:18","slug":"nigiri-8-szt-2","status":"publish","type":"product","link":"https:\/\/sushi.hubertskibniewski.pl\/?product=nigiri-8-szt-2","title":{"rendered":"Zestaw 4"},"content":{"rendered":"<ul>\n<li><strong>2x Hosomaki z w\u0119dzonym \u0142ososiem i rzep\u0105<\/strong> \u2013 cienkie rolki z w\u0119dzonym \u0142ososiem, ry\u017cem i odrobin\u0105 marynowanej rzepy, zawini\u0119te w nori.<\/li>\n<li><strong>2x Temaki z tu\u0144czykiem i chili<\/strong> \u2013 ro\u017cki wype\u0142nione \u015bwie\u017cym tu\u0144czykiem, ry\u017cem, z pikantn\u0105 nut\u0105 chili, owini\u0119te w nori.<\/li>\n<li><strong>2x Uramaki z krewetk\u0105, awokado i majonezem wasabi<\/strong> \u2013 odwr\u00f3cone sushi z krewetk\u0105, awokado i lekkim sosem wasabi, pokryte sezamem.<\/li>\n<li><strong>2x Nigiri z kalmarami<\/strong> \u2013 \u015bwie\u017cy kalmar na ry\u017cu sushi, z dodatkiem odrobiny wasabi.<\/li>\n<\/ul>\n","protected":false},"excerpt":{"rendered":"<p>2x Hosomaki z w\u0119dzonym \u0142ososiem i rzep\u0105 \u2013 cienkie rolki z w\u0119dzonym \u0142ososiem, ry\u017cem i odrobin\u0105 marynowanej rzepy, zawini\u0119te w [&hellip;]<\/p>\n","protected":false},"featured_media":195,"comment_status":"open","ping_status":"closed","template":"","meta":{"site-sidebar-layout":"default","site-content-layout":"","ast-site-content-layout":"default","site-content-style":"default","site-sidebar-style":"default","ast-global-header-display":"","ast-banner-title-visibility":"","ast-main-header-display":"","ast-hfb-above-header-display":"","ast-hfb-below-header-display":"","ast-hfb-mobile-header-display":"","site-post-title":"","ast-breadcrumbs-content":"","ast-featured-img":"","footer-sml-layout":"","theme-transparent-header-meta":"default","adv-header-id-meta":"","stick-header-meta":"default","header-above-stick-meta":"","header-main-stick-meta":"","header-below-stick-meta":"","astra-migrate-meta-layouts":"set","ast-page-background-enabled":"default","ast-page-background-meta":{"desktop":{"background-color":"var(--ast-global-color-4)","background-image":"","background-repeat":"repeat","background-position":"center center","background-size":"auto","background-attachment":"scroll","background-type":"","background-media":"","overlay-type":"","overlay-color":"","overlay-opacity":"","overlay-gradient":""},"tablet":{"background-color":"","background-image":"","background-repeat":"repeat","background-position":"center center","background-size":"auto","background-attachment":"scroll","background-type":"","background-media":"","overlay-type":"","overlay-color":"","overlay-opacity":"","overlay-gradient":""},"mobile":{"background-color":"","background-image":"","background-repeat":"repeat","background-position":"center center","background-size":"auto","background-attachment":"scroll","background-type":"","background-media":"","overlay-type":"","overlay-color":"","overlay-opacity":"","overlay-gradient":""}},"ast-content-background-meta":{"desktop":{"background-color":"var(--ast-global-color-5)","background-image":"","background-repeat":"repeat","background-position":"center center","background-size":"auto","background-attachment":"scroll","background-type":"","background-media":"","overlay-type":"","overlay-color":"","overlay-opacity":"","overlay-gradient":""},"tablet":{"background-color":"var(--ast-global-color-5)","background-image":"","background-repeat":"repeat","background-position":"center center","background-size":"auto","background-attachment":"scroll","background-type":"","background-media":"","overlay-type":"","overlay-color":"","overlay-opacity":"","overlay-gradient":""},"mobile":{"background-color":"var(--ast-global-color-5)","background-image":"","background-repeat":"repeat","background-position":"center center","background-size":"auto","background-attachment":"scroll","background-type":"","background-media":"","overlay-type":"","overlay-color":"","overlay-opacity":"","overlay-gradient":""}}},"product_cat":[15],"product_tag":[],"class_list":{"0":"post-93","1":"product","2":"type-product","3":"status-publish","4":"has-post-thumbnail","6":"product_cat-zestawy","7":"desktop-align-left","8":"tablet-align-left","9":"mobile-align-left","10":"ast-product-gallery-layout-horizontal-slider","11":"ast-product-gallery-with-no-image","13":"first","14":"instock","15":"shipping-taxable","16":"purchasable","17":"product-type-simple"},"gallery_images":[],"_links":{"self":[{"href":"https:\/\/sushi.hubertskibniewski.pl\/index.php?rest_route=\/wp\/v2\/product\/93","targetHints":{"allow":["GET"]}}],"collection":[{"href":"https:\/\/sushi.hubertskibniewski.pl\/index.php?rest_route=\/wp\/v2\/product"}],"about":[{"href":"https:\/\/sushi.hubertskibniewski.pl\/index.php?rest_route=\/wp\/v2\/types\/product"}],"replies":[{"embeddable":true,"href":"https:\/\/sushi.hubertskibniewski.pl\/index.php?rest_route=%2Fwp%2Fv2%2Fcomments&post=93"}],"wp:featuredmedia":[{"embeddable":true,"href":"https:\/\/sushi.hubertskibniewski.pl\/index.php?rest_route=\/wp\/v2\/media\/195"}],"wp:attachment":[{"href":"https:\/\/sushi.hubertskibniewski.pl\/index.php?rest_route=%2Fwp%2Fv2%2Fmedia&parent=93"}],"wp:term":[{"taxonomy":"product_cat","embeddable":true,"href":"https:\/\/sushi.hubertskibniewski.pl\/index.php?rest_route=%2Fwp%2Fv2%2Fproduct_cat&post=93"},{"taxonomy":"product_tag","embeddable":true,"href":"https:\/\/sushi.hubertskibniewski.pl\/index.php?rest_route=%2Fwp%2Fv2%2Fproduct_tag&post=93"}],"curies":[{"name":"wp","href":"https:\/\/api.w.org\/{rel}","templated":true}]}}