{"id":191,"date":"2024-11-20T22:55:11","date_gmt":"2024-11-20T21:55:11","guid":{"rendered":"https:\/\/sushi.hubertskibniewski.pl\/?post_type=product&#038;p=191"},"modified":"2024-11-20T23:01:52","modified_gmt":"2024-11-20T22:01:52","slug":"zestaw-halloweenowy","status":"publish","type":"product","link":"https:\/\/sushi.hubertskibniewski.pl\/?product=zestaw-halloweenowy","title":{"rendered":"Zestaw Halloweenowy"},"content":{"rendered":"<ul>\n<li><strong>2x Nigiri z \u0142ososiem \u2013 &#8220;Upiorne \u0141ososie&#8221;<\/strong>\n<ul>\n<li>Klasyczne nigiri z kawa\u0142kiem \u015bwie\u017cego \u0142ososia, ale z dodatkiem czarnego sezamu, kt\u00f3ry nadaje wygl\u0105d &#8220;upiornych&#8221; oczu. Ca\u0142o\u015b\u0107 ozdobiona ma\u0142ym kleksem wasabi w kszta\u0142cie &#8220;oczka&#8221;.<\/li>\n<\/ul>\n<\/li>\n<li><strong>2x Maki z tu\u0144czykiem \u2013 &#8220;Krwawe Maki&#8221;<\/strong>\n<ul>\n<li>Rolki sushi z soczystym tu\u0144czykiem w \u015brodku, otoczone ry\u017cem i nori. Maki dekorowane s\u0105 czerwonym sosem (np. sosem teriyaki), kt\u00f3ry symbolizuje &#8220;krew&#8221;, tworz\u0105c przera\u017caj\u0105cy wygl\u0105d.<\/li>\n<\/ul>\n<\/li>\n<li><strong>2x Temaki z krewetk\u0105 \u2013 &#8220;Straszne Ro\u017cki&#8221;<\/strong>\n<ul>\n<li>Temaki (ro\u017cki nori) wype\u0142nione \u015bwie\u017cymi krewetkami, awokado i ry\u017cem, ale z dodatkiem odrobiny czarnego wasabi, kt\u00f3re tworzy efekt &#8220;magicznej&#8221; zielonej chmurki. Ro\u017cki przypominaj\u0105 &#8220;straszne ro\u017cki czarownicy&#8221;.<\/li>\n<\/ul>\n<\/li>\n<li><strong>2x Sashimi z tamago \u2013 &#8220;S\u0142odkie Duchy&#8221;<\/strong>\n<ul>\n<li>Cienko pokrojone kawa\u0142ki japo\u0144skiego omletu (tamago) podane na talerzu w kszta\u0142cie ma\u0142ych duch\u00f3w. Na ka\u017cdym kawa\u0142ku omletu dodany jest ma\u0142y kleks czarnego sosu sojowego w kszta\u0142cie &#8220;oczka&#8221;, kt\u00f3ry nadaje zabawny, ale lekko straszny wygl\u0105d.<\/li>\n<\/ul>\n<\/li>\n<li><strong>2x Uramaki z kalmarami \u2013 &#8220;O\u015bmiornicze Potwory&#8221;<\/strong>\n<ul>\n<li>Uramaki z kawa\u0142kami \u015bwie\u017cych kalmar\u00f3w, awokado i og\u00f3rkiem. Rolki s\u0105 ozdobione ma\u0142ymi kawa\u0142kami czarnej nori, kt\u00f3re wygl\u0105daj\u0105 jak paj\u0119czyny. Dodatkowo, na ka\u017cdej rolce znajduje si\u0119 ma\u0142y kawa\u0142ek czerwonego chili, imituj\u0105cy &#8220;krwawe&#8221; \u015blady.<\/li>\n<\/ul>\n<\/li>\n<li><strong>2x Maki z og\u00f3rkiem \u2013 &#8220;Mroczne Zio\u0142a&#8221;<\/strong>\n<ul>\n<li>Zwyk\u0142e maki z og\u00f3rkiem, ale z dodatkiem odrobiny &#8220;czarnego&#8221; maku (czarnego sezamu) na wierzchu, co daje efekt ciemno\u015bci i tajemniczo\u015bci.<\/li>\n<\/ul>\n<\/li>\n<\/ul>\n","protected":false},"excerpt":{"rendered":"<p>2x Nigiri z \u0142ososiem \u2013 &#8220;Upiorne \u0141ososie&#8221; Klasyczne nigiri z kawa\u0142kiem \u015bwie\u017cego \u0142ososia, ale z dodatkiem czarnego sezamu, kt\u00f3ry nadaje [&hellip;]<\/p>\n","protected":false},"featured_media":192,"comment_status":"open","ping_status":"closed","template":"","meta":{"site-sidebar-layout":"default","site-content-layout":"","ast-site-content-layout":"default","site-content-style":"default","site-sidebar-style":"default","ast-global-header-display":"","ast-banner-title-visibility":"","ast-main-header-display":"","ast-hfb-above-header-display":"","ast-hfb-below-header-display":"","ast-hfb-mobile-header-display":"","site-post-title":"","ast-breadcrumbs-content":"","ast-featured-img":"","footer-sml-layout":"","theme-transparent-header-meta":"default","adv-header-id-meta":"","stick-header-meta":"default","header-above-stick-meta":"","header-main-stick-meta":"","header-below-stick-meta":"","astra-migrate-meta-layouts":"set","ast-page-background-enabled":"default","ast-page-background-meta":{"desktop":{"background-color":"var(--ast-global-color-4)","background-image":"","background-repeat":"repeat","background-position":"center center","background-size":"auto","background-attachment":"scroll","background-type":"","background-media":"","overlay-type":"","overlay-color":"","overlay-opacity":"","overlay-gradient":""},"tablet":{"background-color":"","background-image":"","background-repeat":"repeat","background-position":"center center","background-size":"auto","background-attachment":"scroll","background-type":"","background-media":"","overlay-type":"","overlay-color":"","overlay-opacity":"","overlay-gradient":""},"mobile":{"background-color":"","background-image":"","background-repeat":"repeat","background-position":"center center","background-size":"auto","background-attachment":"scroll","background-type":"","background-media":"","overlay-type":"","overlay-color":"","overlay-opacity":"","overlay-gradient":""}},"ast-content-background-meta":{"desktop":{"background-color":"var(--ast-global-color-5)","background-image":"","background-repeat":"repeat","background-position":"center center","background-size":"auto","background-attachment":"scroll","background-type":"","background-media":"","overlay-type":"","overlay-color":"","overlay-opacity":"","overlay-gradient":""},"tablet":{"background-color":"var(--ast-global-color-5)","background-image":"","background-repeat":"repeat","background-position":"center center","background-size":"auto","background-attachment":"scroll","background-type":"","background-media":"","overlay-type":"","overlay-color":"","overlay-opacity":"","overlay-gradient":""},"mobile":{"background-color":"var(--ast-global-color-5)","background-image":"","background-repeat":"repeat","background-position":"center center","background-size":"auto","background-attachment":"scroll","background-type":"","background-media":"","overlay-type":"","overlay-color":"","overlay-opacity":"","overlay-gradient":""}}},"product_cat":[15],"product_tag":[],"class_list":{"0":"post-191","1":"product","2":"type-product","3":"status-publish","4":"has-post-thumbnail","6":"product_cat-zestawy","7":"desktop-align-left","8":"tablet-align-left","9":"mobile-align-left","10":"ast-product-gallery-layout-horizontal-slider","11":"ast-product-gallery-with-no-image","13":"first","14":"instock","15":"shipping-taxable","16":"purchasable","17":"product-type-simple"},"gallery_images":[],"_links":{"self":[{"href":"https:\/\/sushi.hubertskibniewski.pl\/index.php?rest_route=\/wp\/v2\/product\/191","targetHints":{"allow":["GET"]}}],"collection":[{"href":"https:\/\/sushi.hubertskibniewski.pl\/index.php?rest_route=\/wp\/v2\/product"}],"about":[{"href":"https:\/\/sushi.hubertskibniewski.pl\/index.php?rest_route=\/wp\/v2\/types\/product"}],"replies":[{"embeddable":true,"href":"https:\/\/sushi.hubertskibniewski.pl\/index.php?rest_route=%2Fwp%2Fv2%2Fcomments&post=191"}],"wp:featuredmedia":[{"embeddable":true,"href":"https:\/\/sushi.hubertskibniewski.pl\/index.php?rest_route=\/wp\/v2\/media\/192"}],"wp:attachment":[{"href":"https:\/\/sushi.hubertskibniewski.pl\/index.php?rest_route=%2Fwp%2Fv2%2Fmedia&parent=191"}],"wp:term":[{"taxonomy":"product_cat","embeddable":true,"href":"https:\/\/sushi.hubertskibniewski.pl\/index.php?rest_route=%2Fwp%2Fv2%2Fproduct_cat&post=191"},{"taxonomy":"product_tag","embeddable":true,"href":"https:\/\/sushi.hubertskibniewski.pl\/index.php?rest_route=%2Fwp%2Fv2%2Fproduct_tag&post=191"}],"curies":[{"name":"wp","href":"https:\/\/api.w.org\/{rel}","templated":true}]}}