{"id":103,"date":"2024-11-12T06:09:15","date_gmt":"2024-11-12T05:09:15","guid":{"rendered":"https:\/\/sushi.hubertskibniewski.pl\/?post_type=product&#038;p=103"},"modified":"2024-11-20T23:02:41","modified_gmt":"2024-11-20T22:02:41","slug":"nigiri-8-szt-kopia","status":"publish","type":"product","link":"https:\/\/sushi.hubertskibniewski.pl\/?product=nigiri-8-szt-kopia","title":{"rendered":"Zestaw 3"},"content":{"rendered":"<ul>\n<li><strong>2x Sashimi z tu\u0144czykiem<\/strong> \u2013 cienko krojony surowy tu\u0144czyk podany na talerzu bez ry\u017cu, posypany odrobin\u0105 soli morskiej.<\/li>\n<li><strong>2x Uramaki z \u0142ososiem i og\u00f3rkiem<\/strong> \u2013 odwr\u00f3cone sushi z kawa\u0142kami \u0142ososia, og\u00f3rka, i ry\u017cu pokrytego nori.<\/li>\n<li><strong>2x Nigiri z tamago<\/strong> \u2013 s\u0142odki omlet japo\u0144ski na ry\u017cu sushi, podany z lekk\u0105 nut\u0105 wasabi.<\/li>\n<li><strong>2x Maki z tu\u0144czykiem i pikantnym majonezem<\/strong> \u2013 rolki sushi wype\u0142nione kawa\u0142kami tu\u0144czyka, wzbogacone pikantnym majonezem i nori.<\/li>\n<\/ul>\n","protected":false},"excerpt":{"rendered":"<p>2x Sashimi z tu\u0144czykiem \u2013 cienko krojony surowy tu\u0144czyk podany na talerzu bez ry\u017cu, posypany odrobin\u0105 soli morskiej. 2x Uramaki [&hellip;]<\/p>\n","protected":false},"featured_media":194,"comment_status":"open","ping_status":"closed","template":"","meta":{"site-sidebar-layout":"default","site-content-layout":"","ast-site-content-layout":"default","site-content-style":"default","site-sidebar-style":"default","ast-global-header-display":"","ast-banner-title-visibility":"","ast-main-header-display":"","ast-hfb-above-header-display":"","ast-hfb-below-header-display":"","ast-hfb-mobile-header-display":"","site-post-title":"","ast-breadcrumbs-content":"","ast-featured-img":"","footer-sml-layout":"","theme-transparent-header-meta":"default","adv-header-id-meta":"","stick-header-meta":"default","header-above-stick-meta":"","header-main-stick-meta":"","header-below-stick-meta":"","astra-migrate-meta-layouts":"set","ast-page-background-enabled":"default","ast-page-background-meta":{"desktop":{"background-color":"var(--ast-global-color-4)","background-image":"","background-repeat":"repeat","background-position":"center center","background-size":"auto","background-attachment":"scroll","background-type":"","background-media":"","overlay-type":"","overlay-color":"","overlay-opacity":"","overlay-gradient":""},"tablet":{"background-color":"","background-image":"","background-repeat":"repeat","background-position":"center center","background-size":"auto","background-attachment":"scroll","background-type":"","background-media":"","overlay-type":"","overlay-color":"","overlay-opacity":"","overlay-gradient":""},"mobile":{"background-color":"","background-image":"","background-repeat":"repeat","background-position":"center center","background-size":"auto","background-attachment":"scroll","background-type":"","background-media":"","overlay-type":"","overlay-color":"","overlay-opacity":"","overlay-gradient":""}},"ast-content-background-meta":{"desktop":{"background-color":"var(--ast-global-color-5)","background-image":"","background-repeat":"repeat","background-position":"center center","background-size":"auto","background-attachment":"scroll","background-type":"","background-media":"","overlay-type":"","overlay-color":"","overlay-opacity":"","overlay-gradient":""},"tablet":{"background-color":"var(--ast-global-color-5)","background-image":"","background-repeat":"repeat","background-position":"center center","background-size":"auto","background-attachment":"scroll","background-type":"","background-media":"","overlay-type":"","overlay-color":"","overlay-opacity":"","overlay-gradient":""},"mobile":{"background-color":"var(--ast-global-color-5)","background-image":"","background-repeat":"repeat","background-position":"center center","background-size":"auto","background-attachment":"scroll","background-type":"","background-media":"","overlay-type":"","overlay-color":"","overlay-opacity":"","overlay-gradient":""}}},"product_cat":[15],"product_tag":[],"class_list":{"0":"post-103","1":"product","2":"type-product","3":"status-publish","4":"has-post-thumbnail","6":"product_cat-zestawy","7":"desktop-align-left","8":"tablet-align-left","9":"mobile-align-left","10":"ast-product-gallery-layout-horizontal-slider","11":"ast-product-gallery-with-no-image","13":"first","14":"instock","15":"shipping-taxable","16":"purchasable","17":"product-type-simple"},"gallery_images":[],"_links":{"self":[{"href":"https:\/\/sushi.hubertskibniewski.pl\/index.php?rest_route=\/wp\/v2\/product\/103","targetHints":{"allow":["GET"]}}],"collection":[{"href":"https:\/\/sushi.hubertskibniewski.pl\/index.php?rest_route=\/wp\/v2\/product"}],"about":[{"href":"https:\/\/sushi.hubertskibniewski.pl\/index.php?rest_route=\/wp\/v2\/types\/product"}],"replies":[{"embeddable":true,"href":"https:\/\/sushi.hubertskibniewski.pl\/index.php?rest_route=%2Fwp%2Fv2%2Fcomments&post=103"}],"wp:featuredmedia":[{"embeddable":true,"href":"https:\/\/sushi.hubertskibniewski.pl\/index.php?rest_route=\/wp\/v2\/media\/194"}],"wp:attachment":[{"href":"https:\/\/sushi.hubertskibniewski.pl\/index.php?rest_route=%2Fwp%2Fv2%2Fmedia&parent=103"}],"wp:term":[{"taxonomy":"product_cat","embeddable":true,"href":"https:\/\/sushi.hubertskibniewski.pl\/index.php?rest_route=%2Fwp%2Fv2%2Fproduct_cat&post=103"},{"taxonomy":"product_tag","embeddable":true,"href":"https:\/\/sushi.hubertskibniewski.pl\/index.php?rest_route=%2Fwp%2Fv2%2Fproduct_tag&post=103"}],"curies":[{"name":"wp","href":"https:\/\/api.w.org\/{rel}","templated":true}]}}